{"id":172,"date":"2025-05-07T07:48:31","date_gmt":"2025-05-07T07:48:31","guid":{"rendered":"https:\/\/coldbet.fun\/cz\/?page_id=172"},"modified":"2025-09-02T14:57:37","modified_gmt":"2025-09-02T14:57:37","slug":"registration","status":"publish","type":"page","link":"https:\/\/coldbet.fun\/cz\/registration\/","title":{"rendered":"Registrace"},"content":{"rendered":"","protected":false},"excerpt":{"rendered":"","protected":false},"author":1,"featured_media":0,"parent":0,"menu_order":0,"comment_status":"closed","ping_status":"closed","template":"","meta":{"inline_featured_image":false,"footnotes":""},"class_list":["post-172","page","type-page","status-publish","hentry"],"yoast_head":"<!-- This site is optimized with the Yoast SEO plugin v24.8.1 - https:\/\/yoast.com\/wordpress\/plugins\/seo\/ -->\n<title>Registrace u ColdBet &gt; Jak si vytvo\u0159it \u00fa\u010det<\/title>\n<meta name=\"description\" content=\"Nau\u010dte se, jak proj\u00edt jednoduchou registrac\u00ed na ColdBet, aktivovat uv\u00edtac\u00ed bonus a hr\u00e1t bez rizika v z\u00e1bavn\u00e9m re\u017eimu. P\u0159ipojte se!\" \/>\n<meta name=\"robots\" content=\"index, follow, max-snippet:-1, max-image-preview:large, max-video-preview:-1\" \/>\n<meta property=\"og:locale\" content=\"cs_CZ\" \/>\n<meta property=\"og:type\" content=\"article\" \/>\n<meta property=\"og:title\" content=\"Registrace u ColdBet &gt; Jak si vytvo\u0159it \u00fa\u010det\" \/>\n<meta property=\"og:description\" content=\"Nau\u010dte se, jak proj\u00edt jednoduchou registrac\u00ed na ColdBet, aktivovat uv\u00edtac\u00ed bonus a hr\u00e1t bez rizika v z\u00e1bavn\u00e9m re\u017eimu. P\u0159ipojte se!\" \/>\n<meta property=\"og:url\" content=\"https:\/\/coldbet.fun\/cz\/registration\/\" \/>\n<meta property=\"og:site_name\" content=\"coldbet.fun CZ\" \/>\n<meta property=\"article:modified_time\" content=\"2025-09-02T14:57:37+00:00\" \/>\n<meta name=\"twitter:card\" content=\"summary_large_image\" \/>\n<script type=\"application\/ld+json\" class=\"yoast-schema-graph\">{\"@context\":\"https:\/\/schema.org\",\"@graph\":[{\"@type\":\"WebPage\",\"@id\":\"https:\/\/coldbet.fun\/cz\/registration\/\",\"url\":\"https:\/\/coldbet.fun\/cz\/registration\/\",\"name\":\"Registrace u ColdBet > Jak si vytvo\u0159it \u00fa\u010det\",\"isPartOf\":{\"@id\":\"https:\/\/coldbet.fun\/cz\/#website\"},\"datePublished\":\"2025-05-07T07:48:31+00:00\",\"dateModified\":\"2025-09-02T14:57:37+00:00\",\"description\":\"Nau\u010dte se, jak proj\u00edt jednoduchou registrac\u00ed na ColdBet, aktivovat uv\u00edtac\u00ed bonus a hr\u00e1t bez rizika v z\u00e1bavn\u00e9m re\u017eimu. P\u0159ipojte se!\",\"breadcrumb\":{\"@id\":\"https:\/\/coldbet.fun\/cz\/registration\/#breadcrumb\"},\"inLanguage\":\"cs\",\"potentialAction\":[{\"@type\":\"ReadAction\",\"target\":[\"https:\/\/coldbet.fun\/cz\/registration\/\"]}]},{\"@type\":\"BreadcrumbList\",\"@id\":\"https:\/\/coldbet.fun\/cz\/registration\/#breadcrumb\",\"itemListElement\":[{\"@type\":\"ListItem\",\"position\":1,\"name\":\"\u0413\u043b\u0430\u0432\u043d\u0430\u044f \u0441\u0442\u0440\u0430\u043d\u0438\u0446\u0430\",\"item\":\"https:\/\/coldbet.fun\/cz\/\"},{\"@type\":\"ListItem\",\"position\":2,\"name\":\"Registrace\"}]},{\"@type\":\"WebSite\",\"@id\":\"https:\/\/coldbet.fun\/cz\/#website\",\"url\":\"https:\/\/coldbet.fun\/cz\/\",\"name\":\"coldbet.fun CZ\",\"description\":\"My WordPress Blog\",\"potentialAction\":[{\"@type\":\"SearchAction\",\"target\":{\"@type\":\"EntryPoint\",\"urlTemplate\":\"https:\/\/coldbet.fun\/cz\/?s={search_term_string}\"},\"query-input\":{\"@type\":\"PropertyValueSpecification\",\"valueRequired\":true,\"valueName\":\"search_term_string\"}}],\"inLanguage\":\"cs\"}]}<\/script>\n<!-- \/ Yoast SEO plugin. -->","yoast_head_json":{"title":"Registrace u ColdBet > Jak si vytvo\u0159it \u00fa\u010det","description":"Nau\u010dte se, jak proj\u00edt jednoduchou registrac\u00ed na ColdBet, aktivovat uv\u00edtac\u00ed bonus a hr\u00e1t bez rizika v z\u00e1bavn\u00e9m re\u017eimu. P\u0159ipojte se!","robots":{"index":"index","follow":"follow","max-snippet":"max-snippet:-1","max-image-preview":"max-image-preview:large","max-video-preview":"max-video-preview:-1"},"og_locale":"cs_CZ","og_type":"article","og_title":"Registrace u ColdBet > Jak si vytvo\u0159it \u00fa\u010det","og_description":"Nau\u010dte se, jak proj\u00edt jednoduchou registrac\u00ed na ColdBet, aktivovat uv\u00edtac\u00ed bonus a hr\u00e1t bez rizika v z\u00e1bavn\u00e9m re\u017eimu. P\u0159ipojte se!","og_url":"https:\/\/coldbet.fun\/cz\/registration\/","og_site_name":"coldbet.fun CZ","article_modified_time":"2025-09-02T14:57:37+00:00","twitter_card":"summary_large_image","schema":{"@context":"https:\/\/schema.org","@graph":[{"@type":"WebPage","@id":"https:\/\/coldbet.fun\/cz\/registration\/","url":"https:\/\/coldbet.fun\/cz\/registration\/","name":"Registrace u ColdBet > Jak si vytvo\u0159it \u00fa\u010det","isPartOf":{"@id":"https:\/\/coldbet.fun\/cz\/#website"},"datePublished":"2025-05-07T07:48:31+00:00","dateModified":"2025-09-02T14:57:37+00:00","description":"Nau\u010dte se, jak proj\u00edt jednoduchou registrac\u00ed na ColdBet, aktivovat uv\u00edtac\u00ed bonus a hr\u00e1t bez rizika v z\u00e1bavn\u00e9m re\u017eimu. P\u0159ipojte se!","breadcrumb":{"@id":"https:\/\/coldbet.fun\/cz\/registration\/#breadcrumb"},"inLanguage":"cs","potentialAction":[{"@type":"ReadAction","target":["https:\/\/coldbet.fun\/cz\/registration\/"]}]},{"@type":"BreadcrumbList","@id":"https:\/\/coldbet.fun\/cz\/registration\/#breadcrumb","itemListElement":[{"@type":"ListItem","position":1,"name":"\u0413\u043b\u0430\u0432\u043d\u0430\u044f \u0441\u0442\u0440\u0430\u043d\u0438\u0446\u0430","item":"https:\/\/coldbet.fun\/cz\/"},{"@type":"ListItem","position":2,"name":"Registrace"}]},{"@type":"WebSite","@id":"https:\/\/coldbet.fun\/cz\/#website","url":"https:\/\/coldbet.fun\/cz\/","name":"coldbet.fun CZ","description":"My WordPress Blog","potentialAction":[{"@type":"SearchAction","target":{"@type":"EntryPoint","urlTemplate":"https:\/\/coldbet.fun\/cz\/?s={search_term_string}"},"query-input":{"@type":"PropertyValueSpecification","valueRequired":true,"valueName":"search_term_string"}}],"inLanguage":"cs"}]}},"_links":{"self":[{"href":"https:\/\/coldbet.fun\/cz\/wp-json\/wp\/v2\/pages\/172","targetHints":{"allow":["GET"]}}],"collection":[{"href":"https:\/\/coldbet.fun\/cz\/wp-json\/wp\/v2\/pages"}],"about":[{"href":"https:\/\/coldbet.fun\/cz\/wp-json\/wp\/v2\/types\/page"}],"author":[{"embeddable":true,"href":"https:\/\/coldbet.fun\/cz\/wp-json\/wp\/v2\/users\/1"}],"replies":[{"embeddable":true,"href":"https:\/\/coldbet.fun\/cz\/wp-json\/wp\/v2\/comments?post=172"}],"version-history":[{"count":7,"href":"https:\/\/coldbet.fun\/cz\/wp-json\/wp\/v2\/pages\/172\/revisions"}],"predecessor-version":[{"id":240,"href":"https:\/\/coldbet.fun\/cz\/wp-json\/wp\/v2\/pages\/172\/revisions\/240"}],"wp:attachment":[{"href":"https:\/\/coldbet.fun\/cz\/wp-json\/wp\/v2\/media?parent=172"}],"curies":[{"name":"wp","href":"https:\/\/api.w.org\/{rel}","templated":true}]}}