{"id":204,"date":"2025-06-06T08:00:17","date_gmt":"2025-06-06T08:00:17","guid":{"rendered":"https:\/\/coldbet.fun\/es\/?page_id=204"},"modified":"2025-10-04T09:59:51","modified_gmt":"2025-10-04T09:59:51","slug":"bonus","status":"publish","type":"page","link":"https:\/\/coldbet.fun\/es\/bonus\/","title":{"rendered":"Bono"},"content":{"rendered":"","protected":false},"excerpt":{"rendered":"","protected":false},"author":1,"featured_media":0,"parent":0,"menu_order":0,"comment_status":"closed","ping_status":"closed","template":"","meta":{"inline_featured_image":false,"footnotes":""},"class_list":["post-204","page","type-page","status-publish","hentry"],"yoast_head":"<!-- This site is optimized with the Yoast SEO plugin v24.8.1 - https:\/\/yoast.com\/wordpress\/plugins\/seo\/ -->\n<title>Bono de ColdBet &gt; simplemente sobre sus bonos<\/title>\n<meta name=\"description\" content=\"Descubre qu\u00e9 bonos ofrece ColdBet. C\u00f3mo usar los bonos, obtener c\u00f3digos promocionales y cumplir con los requisitos de apuesta.\" \/>\n<meta name=\"robots\" content=\"index, follow, max-snippet:-1, max-image-preview:large, max-video-preview:-1\" \/>\n<meta property=\"og:locale\" content=\"es_ES\" \/>\n<meta property=\"og:type\" content=\"article\" \/>\n<meta property=\"og:title\" content=\"Bono de ColdBet &gt; simplemente sobre sus bonos\" \/>\n<meta property=\"og:description\" content=\"Descubre qu\u00e9 bonos ofrece ColdBet. C\u00f3mo usar los bonos, obtener c\u00f3digos promocionales y cumplir con los requisitos de apuesta.\" \/>\n<meta property=\"og:url\" content=\"https:\/\/coldbet.fun\/es\/bonus\/\" \/>\n<meta property=\"og:site_name\" content=\"coldbet fun ES\" \/>\n<meta property=\"article:modified_time\" content=\"2025-10-04T09:59:51+00:00\" \/>\n<meta name=\"twitter:card\" content=\"summary_large_image\" \/>\n<script type=\"application\/ld+json\" class=\"yoast-schema-graph\">{\"@context\":\"https:\/\/schema.org\",\"@graph\":[{\"@type\":\"WebPage\",\"@id\":\"https:\/\/coldbet.fun\/es\/bonus\/\",\"url\":\"https:\/\/coldbet.fun\/es\/bonus\/\",\"name\":\"Bono de ColdBet > simplemente sobre sus bonos\",\"isPartOf\":{\"@id\":\"https:\/\/coldbet.fun\/es\/#website\"},\"datePublished\":\"2025-06-06T08:00:17+00:00\",\"dateModified\":\"2025-10-04T09:59:51+00:00\",\"description\":\"Descubre qu\u00e9 bonos ofrece ColdBet. C\u00f3mo usar los bonos, obtener c\u00f3digos promocionales y cumplir con los requisitos de apuesta.\",\"breadcrumb\":{\"@id\":\"https:\/\/coldbet.fun\/es\/bonus\/#breadcrumb\"},\"inLanguage\":\"es\",\"potentialAction\":[{\"@type\":\"ReadAction\",\"target\":[\"https:\/\/coldbet.fun\/es\/bonus\/\"]}]},{\"@type\":\"BreadcrumbList\",\"@id\":\"https:\/\/coldbet.fun\/es\/bonus\/#breadcrumb\",\"itemListElement\":[{\"@type\":\"ListItem\",\"position\":1,\"name\":\"\u0413\u043b\u0430\u0432\u043d\u0430\u044f \u0441\u0442\u0440\u0430\u043d\u0438\u0446\u0430\",\"item\":\"https:\/\/coldbet.fun\/es\/\"},{\"@type\":\"ListItem\",\"position\":2,\"name\":\"Bono\"}]},{\"@type\":\"WebSite\",\"@id\":\"https:\/\/coldbet.fun\/es\/#website\",\"url\":\"https:\/\/coldbet.fun\/es\/\",\"name\":\"coldbet fun ES\",\"description\":\"My WordPress Blog\",\"potentialAction\":[{\"@type\":\"SearchAction\",\"target\":{\"@type\":\"EntryPoint\",\"urlTemplate\":\"https:\/\/coldbet.fun\/es\/?s={search_term_string}\"},\"query-input\":{\"@type\":\"PropertyValueSpecification\",\"valueRequired\":true,\"valueName\":\"search_term_string\"}}],\"inLanguage\":\"es\"}]}<\/script>\n<!-- \/ Yoast SEO plugin. -->","yoast_head_json":{"title":"Bono de ColdBet > simplemente sobre sus bonos","description":"Descubre qu\u00e9 bonos ofrece ColdBet. C\u00f3mo usar los bonos, obtener c\u00f3digos promocionales y cumplir con los requisitos de apuesta.","robots":{"index":"index","follow":"follow","max-snippet":"max-snippet:-1","max-image-preview":"max-image-preview:large","max-video-preview":"max-video-preview:-1"},"og_locale":"es_ES","og_type":"article","og_title":"Bono de ColdBet > simplemente sobre sus bonos","og_description":"Descubre qu\u00e9 bonos ofrece ColdBet. C\u00f3mo usar los bonos, obtener c\u00f3digos promocionales y cumplir con los requisitos de apuesta.","og_url":"https:\/\/coldbet.fun\/es\/bonus\/","og_site_name":"coldbet fun ES","article_modified_time":"2025-10-04T09:59:51+00:00","twitter_card":"summary_large_image","schema":{"@context":"https:\/\/schema.org","@graph":[{"@type":"WebPage","@id":"https:\/\/coldbet.fun\/es\/bonus\/","url":"https:\/\/coldbet.fun\/es\/bonus\/","name":"Bono de ColdBet > simplemente sobre sus bonos","isPartOf":{"@id":"https:\/\/coldbet.fun\/es\/#website"},"datePublished":"2025-06-06T08:00:17+00:00","dateModified":"2025-10-04T09:59:51+00:00","description":"Descubre qu\u00e9 bonos ofrece ColdBet. C\u00f3mo usar los bonos, obtener c\u00f3digos promocionales y cumplir con los requisitos de apuesta.","breadcrumb":{"@id":"https:\/\/coldbet.fun\/es\/bonus\/#breadcrumb"},"inLanguage":"es","potentialAction":[{"@type":"ReadAction","target":["https:\/\/coldbet.fun\/es\/bonus\/"]}]},{"@type":"BreadcrumbList","@id":"https:\/\/coldbet.fun\/es\/bonus\/#breadcrumb","itemListElement":[{"@type":"ListItem","position":1,"name":"\u0413\u043b\u0430\u0432\u043d\u0430\u044f \u0441\u0442\u0440\u0430\u043d\u0438\u0446\u0430","item":"https:\/\/coldbet.fun\/es\/"},{"@type":"ListItem","position":2,"name":"Bono"}]},{"@type":"WebSite","@id":"https:\/\/coldbet.fun\/es\/#website","url":"https:\/\/coldbet.fun\/es\/","name":"coldbet fun ES","description":"My WordPress Blog","potentialAction":[{"@type":"SearchAction","target":{"@type":"EntryPoint","urlTemplate":"https:\/\/coldbet.fun\/es\/?s={search_term_string}"},"query-input":{"@type":"PropertyValueSpecification","valueRequired":true,"valueName":"search_term_string"}}],"inLanguage":"es"}]}},"_links":{"self":[{"href":"https:\/\/coldbet.fun\/es\/wp-json\/wp\/v2\/pages\/204","targetHints":{"allow":["GET"]}}],"collection":[{"href":"https:\/\/coldbet.fun\/es\/wp-json\/wp\/v2\/pages"}],"about":[{"href":"https:\/\/coldbet.fun\/es\/wp-json\/wp\/v2\/types\/page"}],"author":[{"embeddable":true,"href":"https:\/\/coldbet.fun\/es\/wp-json\/wp\/v2\/users\/1"}],"replies":[{"embeddable":true,"href":"https:\/\/coldbet.fun\/es\/wp-json\/wp\/v2\/comments?post=204"}],"version-history":[{"count":7,"href":"https:\/\/coldbet.fun\/es\/wp-json\/wp\/v2\/pages\/204\/revisions"}],"predecessor-version":[{"id":239,"href":"https:\/\/coldbet.fun\/es\/wp-json\/wp\/v2\/pages\/204\/revisions\/239"}],"wp:attachment":[{"href":"https:\/\/coldbet.fun\/es\/wp-json\/wp\/v2\/media?parent=204"}],"curies":[{"name":"wp","href":"https:\/\/api.w.org\/{rel}","templated":true}]}}