{"id":200,"date":"2025-05-27T08:34:52","date_gmt":"2025-05-27T08:34:52","guid":{"rendered":"https:\/\/coldbet.fun\/hu\/?page_id=200"},"modified":"2025-09-02T08:48:15","modified_gmt":"2025-09-02T08:48:15","slug":"login","status":"publish","type":"page","link":"https:\/\/coldbet.fun\/hu\/login\/","title":{"rendered":"Bejelentkez\u00e9s"},"content":{"rendered":"","protected":false},"excerpt":{"rendered":"","protected":false},"author":1,"featured_media":0,"parent":0,"menu_order":0,"comment_status":"closed","ping_status":"closed","template":"","meta":{"inline_featured_image":false,"footnotes":""},"class_list":["post-200","page","type-page","status-publish","hentry"],"yoast_head":"<!-- This site is optimized with the Yoast SEO plugin v24.8.1 - https:\/\/yoast.com\/wordpress\/plugins\/seo\/ -->\n<title>ColdBet Bejelentkez\u00e9s &gt; Egyszer\u0171 ind\u00edt\u00e1s \u00e9s navig\u00e1ci\u00f3<\/title>\n<meta name=\"description\" content=\"\u00datmutat\u00f3 a Coldbet bejelentkez\u00e9shez k\u00fcl\u00f6nb\u00f6z\u0151 eszk\u00f6z\u00f6kr\u0151l, biztons\u00e1gi tippek \u00e9s v\u00e1laszok a gyakran ism\u00e9telt k\u00e9rd\u00e9sekre.\" \/>\n<meta name=\"robots\" content=\"index, follow, max-snippet:-1, max-image-preview:large, max-video-preview:-1\" \/>\n<meta property=\"og:locale\" content=\"hu_HU\" \/>\n<meta property=\"og:type\" content=\"article\" \/>\n<meta property=\"og:title\" content=\"ColdBet Bejelentkez\u00e9s &gt; Egyszer\u0171 ind\u00edt\u00e1s \u00e9s navig\u00e1ci\u00f3\" \/>\n<meta property=\"og:description\" content=\"\u00datmutat\u00f3 a Coldbet bejelentkez\u00e9shez k\u00fcl\u00f6nb\u00f6z\u0151 eszk\u00f6z\u00f6kr\u0151l, biztons\u00e1gi tippek \u00e9s v\u00e1laszok a gyakran ism\u00e9telt k\u00e9rd\u00e9sekre.\" \/>\n<meta property=\"og:url\" content=\"https:\/\/coldbet.fun\/hu\/login\/\" \/>\n<meta property=\"og:site_name\" content=\"coldbet.fun HU\" \/>\n<meta property=\"article:modified_time\" content=\"2025-09-02T08:48:15+00:00\" \/>\n<meta name=\"twitter:card\" content=\"summary_large_image\" \/>\n<script type=\"application\/ld+json\" class=\"yoast-schema-graph\">{\"@context\":\"https:\/\/schema.org\",\"@graph\":[{\"@type\":\"WebPage\",\"@id\":\"https:\/\/coldbet.fun\/hu\/login\/\",\"url\":\"https:\/\/coldbet.fun\/hu\/login\/\",\"name\":\"ColdBet Bejelentkez\u00e9s > Egyszer\u0171 ind\u00edt\u00e1s \u00e9s navig\u00e1ci\u00f3\",\"isPartOf\":{\"@id\":\"https:\/\/coldbet.fun\/hu\/#website\"},\"datePublished\":\"2025-05-27T08:34:52+00:00\",\"dateModified\":\"2025-09-02T08:48:15+00:00\",\"description\":\"\u00datmutat\u00f3 a Coldbet bejelentkez\u00e9shez k\u00fcl\u00f6nb\u00f6z\u0151 eszk\u00f6z\u00f6kr\u0151l, biztons\u00e1gi tippek \u00e9s v\u00e1laszok a gyakran ism\u00e9telt k\u00e9rd\u00e9sekre.\",\"breadcrumb\":{\"@id\":\"https:\/\/coldbet.fun\/hu\/login\/#breadcrumb\"},\"inLanguage\":\"hu\",\"potentialAction\":[{\"@type\":\"ReadAction\",\"target\":[\"https:\/\/coldbet.fun\/hu\/login\/\"]}]},{\"@type\":\"BreadcrumbList\",\"@id\":\"https:\/\/coldbet.fun\/hu\/login\/#breadcrumb\",\"itemListElement\":[{\"@type\":\"ListItem\",\"position\":1,\"name\":\"\u0413\u043b\u0430\u0432\u043d\u0430\u044f \u0441\u0442\u0440\u0430\u043d\u0438\u0446\u0430\",\"item\":\"https:\/\/coldbet.fun\/hu\/\"},{\"@type\":\"ListItem\",\"position\":2,\"name\":\"Bejelentkez\u00e9s\"}]},{\"@type\":\"WebSite\",\"@id\":\"https:\/\/coldbet.fun\/hu\/#website\",\"url\":\"https:\/\/coldbet.fun\/hu\/\",\"name\":\"coldbet.fun HU\",\"description\":\"My WordPress Blog\",\"potentialAction\":[{\"@type\":\"SearchAction\",\"target\":{\"@type\":\"EntryPoint\",\"urlTemplate\":\"https:\/\/coldbet.fun\/hu\/?s={search_term_string}\"},\"query-input\":{\"@type\":\"PropertyValueSpecification\",\"valueRequired\":true,\"valueName\":\"search_term_string\"}}],\"inLanguage\":\"hu\"}]}<\/script>\n<!-- \/ Yoast SEO plugin. -->","yoast_head_json":{"title":"ColdBet Bejelentkez\u00e9s > Egyszer\u0171 ind\u00edt\u00e1s \u00e9s navig\u00e1ci\u00f3","description":"\u00datmutat\u00f3 a Coldbet bejelentkez\u00e9shez k\u00fcl\u00f6nb\u00f6z\u0151 eszk\u00f6z\u00f6kr\u0151l, biztons\u00e1gi tippek \u00e9s v\u00e1laszok a gyakran ism\u00e9telt k\u00e9rd\u00e9sekre.","robots":{"index":"index","follow":"follow","max-snippet":"max-snippet:-1","max-image-preview":"max-image-preview:large","max-video-preview":"max-video-preview:-1"},"og_locale":"hu_HU","og_type":"article","og_title":"ColdBet Bejelentkez\u00e9s > Egyszer\u0171 ind\u00edt\u00e1s \u00e9s navig\u00e1ci\u00f3","og_description":"\u00datmutat\u00f3 a Coldbet bejelentkez\u00e9shez k\u00fcl\u00f6nb\u00f6z\u0151 eszk\u00f6z\u00f6kr\u0151l, biztons\u00e1gi tippek \u00e9s v\u00e1laszok a gyakran ism\u00e9telt k\u00e9rd\u00e9sekre.","og_url":"https:\/\/coldbet.fun\/hu\/login\/","og_site_name":"coldbet.fun HU","article_modified_time":"2025-09-02T08:48:15+00:00","twitter_card":"summary_large_image","schema":{"@context":"https:\/\/schema.org","@graph":[{"@type":"WebPage","@id":"https:\/\/coldbet.fun\/hu\/login\/","url":"https:\/\/coldbet.fun\/hu\/login\/","name":"ColdBet Bejelentkez\u00e9s > Egyszer\u0171 ind\u00edt\u00e1s \u00e9s navig\u00e1ci\u00f3","isPartOf":{"@id":"https:\/\/coldbet.fun\/hu\/#website"},"datePublished":"2025-05-27T08:34:52+00:00","dateModified":"2025-09-02T08:48:15+00:00","description":"\u00datmutat\u00f3 a Coldbet bejelentkez\u00e9shez k\u00fcl\u00f6nb\u00f6z\u0151 eszk\u00f6z\u00f6kr\u0151l, biztons\u00e1gi tippek \u00e9s v\u00e1laszok a gyakran ism\u00e9telt k\u00e9rd\u00e9sekre.","breadcrumb":{"@id":"https:\/\/coldbet.fun\/hu\/login\/#breadcrumb"},"inLanguage":"hu","potentialAction":[{"@type":"ReadAction","target":["https:\/\/coldbet.fun\/hu\/login\/"]}]},{"@type":"BreadcrumbList","@id":"https:\/\/coldbet.fun\/hu\/login\/#breadcrumb","itemListElement":[{"@type":"ListItem","position":1,"name":"\u0413\u043b\u0430\u0432\u043d\u0430\u044f \u0441\u0442\u0440\u0430\u043d\u0438\u0446\u0430","item":"https:\/\/coldbet.fun\/hu\/"},{"@type":"ListItem","position":2,"name":"Bejelentkez\u00e9s"}]},{"@type":"WebSite","@id":"https:\/\/coldbet.fun\/hu\/#website","url":"https:\/\/coldbet.fun\/hu\/","name":"coldbet.fun HU","description":"My WordPress Blog","potentialAction":[{"@type":"SearchAction","target":{"@type":"EntryPoint","urlTemplate":"https:\/\/coldbet.fun\/hu\/?s={search_term_string}"},"query-input":{"@type":"PropertyValueSpecification","valueRequired":true,"valueName":"search_term_string"}}],"inLanguage":"hu"}]}},"_links":{"self":[{"href":"https:\/\/coldbet.fun\/hu\/wp-json\/wp\/v2\/pages\/200","targetHints":{"allow":["GET"]}}],"collection":[{"href":"https:\/\/coldbet.fun\/hu\/wp-json\/wp\/v2\/pages"}],"about":[{"href":"https:\/\/coldbet.fun\/hu\/wp-json\/wp\/v2\/types\/page"}],"author":[{"embeddable":true,"href":"https:\/\/coldbet.fun\/hu\/wp-json\/wp\/v2\/users\/1"}],"replies":[{"embeddable":true,"href":"https:\/\/coldbet.fun\/hu\/wp-json\/wp\/v2\/comments?post=200"}],"version-history":[{"count":4,"href":"https:\/\/coldbet.fun\/hu\/wp-json\/wp\/v2\/pages\/200\/revisions"}],"predecessor-version":[{"id":238,"href":"https:\/\/coldbet.fun\/hu\/wp-json\/wp\/v2\/pages\/200\/revisions\/238"}],"wp:attachment":[{"href":"https:\/\/coldbet.fun\/hu\/wp-json\/wp\/v2\/media?parent=200"}],"curies":[{"name":"wp","href":"https:\/\/api.w.org\/{rel}","templated":true}]}}