{"id":207,"date":"2025-06-17T12:35:39","date_gmt":"2025-06-17T12:35:39","guid":{"rendered":"https:\/\/coldbet.fun\/hu\/?page_id=207"},"modified":"2025-09-01T19:59:36","modified_gmt":"2025-09-01T19:59:36","slug":"application","status":"publish","type":"page","link":"https:\/\/coldbet.fun\/hu\/application\/","title":{"rendered":"Alkalmaz\u00e1s"},"content":{"rendered":"","protected":false},"excerpt":{"rendered":"","protected":false},"author":1,"featured_media":0,"parent":0,"menu_order":0,"comment_status":"closed","ping_status":"closed","template":"","meta":{"inline_featured_image":false,"footnotes":""},"class_list":["post-207","page","type-page","status-publish","hentry"],"yoast_head":"<!-- This site is optimized with the Yoast SEO plugin v24.8.1 - https:\/\/yoast.com\/wordpress\/plugins\/seo\/ -->\n<title>ColdBet Mobile | k\u00e9nyelmes fogad\u00e1sok \u00e9s kaszin\u00f3 a telefonodr\u00f3l<\/title>\n<meta name=\"description\" content=\"Nyisd meg a ColdBet mobil let\u00f6lt\u00e9s\u00e9t a fogad\u00e1sok \u00e9s a kaszin\u00f3 gyors el\u00e9r\u00e9s\u00e9hez. Tedd meg a t\u00e9teket \u00e9s j\u00e1tssz nyer\u0151g\u00e9pekkel a telefonodr\u00f3l.\" \/>\n<meta name=\"robots\" content=\"index, follow, max-snippet:-1, max-image-preview:large, max-video-preview:-1\" \/>\n<meta property=\"og:locale\" content=\"hu_HU\" \/>\n<meta property=\"og:type\" content=\"article\" \/>\n<meta property=\"og:title\" content=\"ColdBet Mobile | k\u00e9nyelmes fogad\u00e1sok \u00e9s kaszin\u00f3 a telefonodr\u00f3l\" \/>\n<meta property=\"og:description\" content=\"Nyisd meg a ColdBet mobil let\u00f6lt\u00e9s\u00e9t a fogad\u00e1sok \u00e9s a kaszin\u00f3 gyors el\u00e9r\u00e9s\u00e9hez. Tedd meg a t\u00e9teket \u00e9s j\u00e1tssz nyer\u0151g\u00e9pekkel a telefonodr\u00f3l.\" \/>\n<meta property=\"og:url\" content=\"https:\/\/coldbet.fun\/hu\/application\/\" \/>\n<meta property=\"og:site_name\" content=\"coldbet.fun HU\" \/>\n<meta property=\"article:modified_time\" content=\"2025-09-01T19:59:36+00:00\" \/>\n<meta name=\"twitter:card\" content=\"summary_large_image\" \/>\n<script type=\"application\/ld+json\" class=\"yoast-schema-graph\">{\"@context\":\"https:\/\/schema.org\",\"@graph\":[{\"@type\":\"WebPage\",\"@id\":\"https:\/\/coldbet.fun\/hu\/application\/\",\"url\":\"https:\/\/coldbet.fun\/hu\/application\/\",\"name\":\"ColdBet Mobile | k\u00e9nyelmes fogad\u00e1sok \u00e9s kaszin\u00f3 a telefonodr\u00f3l\",\"isPartOf\":{\"@id\":\"https:\/\/coldbet.fun\/hu\/#website\"},\"datePublished\":\"2025-06-17T12:35:39+00:00\",\"dateModified\":\"2025-09-01T19:59:36+00:00\",\"description\":\"Nyisd meg a ColdBet mobil let\u00f6lt\u00e9s\u00e9t a fogad\u00e1sok \u00e9s a kaszin\u00f3 gyors el\u00e9r\u00e9s\u00e9hez. Tedd meg a t\u00e9teket \u00e9s j\u00e1tssz nyer\u0151g\u00e9pekkel a telefonodr\u00f3l.\",\"breadcrumb\":{\"@id\":\"https:\/\/coldbet.fun\/hu\/application\/#breadcrumb\"},\"inLanguage\":\"hu\",\"potentialAction\":[{\"@type\":\"ReadAction\",\"target\":[\"https:\/\/coldbet.fun\/hu\/application\/\"]}]},{\"@type\":\"BreadcrumbList\",\"@id\":\"https:\/\/coldbet.fun\/hu\/application\/#breadcrumb\",\"itemListElement\":[{\"@type\":\"ListItem\",\"position\":1,\"name\":\"\u0413\u043b\u0430\u0432\u043d\u0430\u044f \u0441\u0442\u0440\u0430\u043d\u0438\u0446\u0430\",\"item\":\"https:\/\/coldbet.fun\/hu\/\"},{\"@type\":\"ListItem\",\"position\":2,\"name\":\"Alkalmaz\u00e1s\"}]},{\"@type\":\"WebSite\",\"@id\":\"https:\/\/coldbet.fun\/hu\/#website\",\"url\":\"https:\/\/coldbet.fun\/hu\/\",\"name\":\"coldbet.fun HU\",\"description\":\"My WordPress Blog\",\"potentialAction\":[{\"@type\":\"SearchAction\",\"target\":{\"@type\":\"EntryPoint\",\"urlTemplate\":\"https:\/\/coldbet.fun\/hu\/?s={search_term_string}\"},\"query-input\":{\"@type\":\"PropertyValueSpecification\",\"valueRequired\":true,\"valueName\":\"search_term_string\"}}],\"inLanguage\":\"hu\"}]}<\/script>\n<!-- \/ Yoast SEO plugin. -->","yoast_head_json":{"title":"ColdBet Mobile | k\u00e9nyelmes fogad\u00e1sok \u00e9s kaszin\u00f3 a telefonodr\u00f3l","description":"Nyisd meg a ColdBet mobil let\u00f6lt\u00e9s\u00e9t a fogad\u00e1sok \u00e9s a kaszin\u00f3 gyors el\u00e9r\u00e9s\u00e9hez. Tedd meg a t\u00e9teket \u00e9s j\u00e1tssz nyer\u0151g\u00e9pekkel a telefonodr\u00f3l.","robots":{"index":"index","follow":"follow","max-snippet":"max-snippet:-1","max-image-preview":"max-image-preview:large","max-video-preview":"max-video-preview:-1"},"og_locale":"hu_HU","og_type":"article","og_title":"ColdBet Mobile | k\u00e9nyelmes fogad\u00e1sok \u00e9s kaszin\u00f3 a telefonodr\u00f3l","og_description":"Nyisd meg a ColdBet mobil let\u00f6lt\u00e9s\u00e9t a fogad\u00e1sok \u00e9s a kaszin\u00f3 gyors el\u00e9r\u00e9s\u00e9hez. Tedd meg a t\u00e9teket \u00e9s j\u00e1tssz nyer\u0151g\u00e9pekkel a telefonodr\u00f3l.","og_url":"https:\/\/coldbet.fun\/hu\/application\/","og_site_name":"coldbet.fun HU","article_modified_time":"2025-09-01T19:59:36+00:00","twitter_card":"summary_large_image","schema":{"@context":"https:\/\/schema.org","@graph":[{"@type":"WebPage","@id":"https:\/\/coldbet.fun\/hu\/application\/","url":"https:\/\/coldbet.fun\/hu\/application\/","name":"ColdBet Mobile | k\u00e9nyelmes fogad\u00e1sok \u00e9s kaszin\u00f3 a telefonodr\u00f3l","isPartOf":{"@id":"https:\/\/coldbet.fun\/hu\/#website"},"datePublished":"2025-06-17T12:35:39+00:00","dateModified":"2025-09-01T19:59:36+00:00","description":"Nyisd meg a ColdBet mobil let\u00f6lt\u00e9s\u00e9t a fogad\u00e1sok \u00e9s a kaszin\u00f3 gyors el\u00e9r\u00e9s\u00e9hez. Tedd meg a t\u00e9teket \u00e9s j\u00e1tssz nyer\u0151g\u00e9pekkel a telefonodr\u00f3l.","breadcrumb":{"@id":"https:\/\/coldbet.fun\/hu\/application\/#breadcrumb"},"inLanguage":"hu","potentialAction":[{"@type":"ReadAction","target":["https:\/\/coldbet.fun\/hu\/application\/"]}]},{"@type":"BreadcrumbList","@id":"https:\/\/coldbet.fun\/hu\/application\/#breadcrumb","itemListElement":[{"@type":"ListItem","position":1,"name":"\u0413\u043b\u0430\u0432\u043d\u0430\u044f \u0441\u0442\u0440\u0430\u043d\u0438\u0446\u0430","item":"https:\/\/coldbet.fun\/hu\/"},{"@type":"ListItem","position":2,"name":"Alkalmaz\u00e1s"}]},{"@type":"WebSite","@id":"https:\/\/coldbet.fun\/hu\/#website","url":"https:\/\/coldbet.fun\/hu\/","name":"coldbet.fun HU","description":"My WordPress Blog","potentialAction":[{"@type":"SearchAction","target":{"@type":"EntryPoint","urlTemplate":"https:\/\/coldbet.fun\/hu\/?s={search_term_string}"},"query-input":{"@type":"PropertyValueSpecification","valueRequired":true,"valueName":"search_term_string"}}],"inLanguage":"hu"}]}},"_links":{"self":[{"href":"https:\/\/coldbet.fun\/hu\/wp-json\/wp\/v2\/pages\/207","targetHints":{"allow":["GET"]}}],"collection":[{"href":"https:\/\/coldbet.fun\/hu\/wp-json\/wp\/v2\/pages"}],"about":[{"href":"https:\/\/coldbet.fun\/hu\/wp-json\/wp\/v2\/types\/page"}],"author":[{"embeddable":true,"href":"https:\/\/coldbet.fun\/hu\/wp-json\/wp\/v2\/users\/1"}],"replies":[{"embeddable":true,"href":"https:\/\/coldbet.fun\/hu\/wp-json\/wp\/v2\/comments?post=207"}],"version-history":[{"count":4,"href":"https:\/\/coldbet.fun\/hu\/wp-json\/wp\/v2\/pages\/207\/revisions"}],"predecessor-version":[{"id":233,"href":"https:\/\/coldbet.fun\/hu\/wp-json\/wp\/v2\/pages\/207\/revisions\/233"}],"wp:attachment":[{"href":"https:\/\/coldbet.fun\/hu\/wp-json\/wp\/v2\/media?parent=207"}],"curies":[{"name":"wp","href":"https:\/\/api.w.org\/{rel}","templated":true}]}}