{"id":207,"date":"2025-06-17T12:35:39","date_gmt":"2025-06-17T12:35:39","guid":{"rendered":"https:\/\/coldbet.fun\/pl\/?page_id=207"},"modified":"2025-09-01T12:56:16","modified_gmt":"2025-09-01T12:56:16","slug":"application","status":"publish","type":"page","link":"https:\/\/coldbet.fun\/pl\/application\/","title":{"rendered":"Aplikacja"},"content":{"rendered":"","protected":false},"excerpt":{"rendered":"","protected":false},"author":1,"featured_media":0,"parent":0,"menu_order":0,"comment_status":"closed","ping_status":"closed","template":"","meta":{"inline_featured_image":false,"footnotes":""},"class_list":["post-207","page","type-page","status-publish","hentry"],"yoast_head":"<!-- This site is optimized with the Yoast SEO plugin v24.8.1 - https:\/\/yoast.com\/wordpress\/plugins\/seo\/ -->\n<title>ColdBet Mobile | wygodne zak\u0142ady i kasyno z Twojego telefonu<\/title>\n<meta name=\"description\" content=\"Pobierz aplikacj\u0119 ColdBet na telefon, aby uzyska\u0107 szybki dost\u0119p do zak\u0142ad\u00f3w i kasyna. Obstawiaj i graj w sloty ze swojego smartfona.\" \/>\n<meta name=\"robots\" content=\"index, follow, max-snippet:-1, max-image-preview:large, max-video-preview:-1\" \/>\n<meta property=\"og:locale\" content=\"pl_PL\" \/>\n<meta property=\"og:type\" content=\"article\" \/>\n<meta property=\"og:title\" content=\"ColdBet Mobile | wygodne zak\u0142ady i kasyno z Twojego telefonu\" \/>\n<meta property=\"og:description\" content=\"Pobierz aplikacj\u0119 ColdBet na telefon, aby uzyska\u0107 szybki dost\u0119p do zak\u0142ad\u00f3w i kasyna. Obstawiaj i graj w sloty ze swojego smartfona.\" \/>\n<meta property=\"og:url\" content=\"https:\/\/coldbet.fun\/pl\/application\/\" \/>\n<meta property=\"og:site_name\" content=\"coldbet.fun PL\" \/>\n<meta property=\"article:modified_time\" content=\"2025-09-01T12:56:16+00:00\" \/>\n<meta name=\"twitter:card\" content=\"summary_large_image\" \/>\n<script type=\"application\/ld+json\" class=\"yoast-schema-graph\">{\"@context\":\"https:\/\/schema.org\",\"@graph\":[{\"@type\":\"WebPage\",\"@id\":\"https:\/\/coldbet.fun\/pl\/application\/\",\"url\":\"https:\/\/coldbet.fun\/pl\/application\/\",\"name\":\"ColdBet Mobile | wygodne zak\u0142ady i kasyno z Twojego telefonu\",\"isPartOf\":{\"@id\":\"https:\/\/coldbet.fun\/pl\/#website\"},\"datePublished\":\"2025-06-17T12:35:39+00:00\",\"dateModified\":\"2025-09-01T12:56:16+00:00\",\"description\":\"Pobierz aplikacj\u0119 ColdBet na telefon, aby uzyska\u0107 szybki dost\u0119p do zak\u0142ad\u00f3w i kasyna. Obstawiaj i graj w sloty ze swojego smartfona.\",\"breadcrumb\":{\"@id\":\"https:\/\/coldbet.fun\/pl\/application\/#breadcrumb\"},\"inLanguage\":\"pl-PL\",\"potentialAction\":[{\"@type\":\"ReadAction\",\"target\":[\"https:\/\/coldbet.fun\/pl\/application\/\"]}]},{\"@type\":\"BreadcrumbList\",\"@id\":\"https:\/\/coldbet.fun\/pl\/application\/#breadcrumb\",\"itemListElement\":[{\"@type\":\"ListItem\",\"position\":1,\"name\":\"\u0413\u043b\u0430\u0432\u043d\u0430\u044f \u0441\u0442\u0440\u0430\u043d\u0438\u0446\u0430\",\"item\":\"https:\/\/coldbet.fun\/pl\/\"},{\"@type\":\"ListItem\",\"position\":2,\"name\":\"Aplikacja\"}]},{\"@type\":\"WebSite\",\"@id\":\"https:\/\/coldbet.fun\/pl\/#website\",\"url\":\"https:\/\/coldbet.fun\/pl\/\",\"name\":\"coldbet.fun PL\",\"description\":\"My WordPress Blog\",\"potentialAction\":[{\"@type\":\"SearchAction\",\"target\":{\"@type\":\"EntryPoint\",\"urlTemplate\":\"https:\/\/coldbet.fun\/pl\/?s={search_term_string}\"},\"query-input\":{\"@type\":\"PropertyValueSpecification\",\"valueRequired\":true,\"valueName\":\"search_term_string\"}}],\"inLanguage\":\"pl-PL\"}]}<\/script>\n<!-- \/ Yoast SEO plugin. -->","yoast_head_json":{"title":"ColdBet Mobile | wygodne zak\u0142ady i kasyno z Twojego telefonu","description":"Pobierz aplikacj\u0119 ColdBet na telefon, aby uzyska\u0107 szybki dost\u0119p do zak\u0142ad\u00f3w i kasyna. Obstawiaj i graj w sloty ze swojego smartfona.","robots":{"index":"index","follow":"follow","max-snippet":"max-snippet:-1","max-image-preview":"max-image-preview:large","max-video-preview":"max-video-preview:-1"},"og_locale":"pl_PL","og_type":"article","og_title":"ColdBet Mobile | wygodne zak\u0142ady i kasyno z Twojego telefonu","og_description":"Pobierz aplikacj\u0119 ColdBet na telefon, aby uzyska\u0107 szybki dost\u0119p do zak\u0142ad\u00f3w i kasyna. Obstawiaj i graj w sloty ze swojego smartfona.","og_url":"https:\/\/coldbet.fun\/pl\/application\/","og_site_name":"coldbet.fun PL","article_modified_time":"2025-09-01T12:56:16+00:00","twitter_card":"summary_large_image","schema":{"@context":"https:\/\/schema.org","@graph":[{"@type":"WebPage","@id":"https:\/\/coldbet.fun\/pl\/application\/","url":"https:\/\/coldbet.fun\/pl\/application\/","name":"ColdBet Mobile | wygodne zak\u0142ady i kasyno z Twojego telefonu","isPartOf":{"@id":"https:\/\/coldbet.fun\/pl\/#website"},"datePublished":"2025-06-17T12:35:39+00:00","dateModified":"2025-09-01T12:56:16+00:00","description":"Pobierz aplikacj\u0119 ColdBet na telefon, aby uzyska\u0107 szybki dost\u0119p do zak\u0142ad\u00f3w i kasyna. Obstawiaj i graj w sloty ze swojego smartfona.","breadcrumb":{"@id":"https:\/\/coldbet.fun\/pl\/application\/#breadcrumb"},"inLanguage":"pl-PL","potentialAction":[{"@type":"ReadAction","target":["https:\/\/coldbet.fun\/pl\/application\/"]}]},{"@type":"BreadcrumbList","@id":"https:\/\/coldbet.fun\/pl\/application\/#breadcrumb","itemListElement":[{"@type":"ListItem","position":1,"name":"\u0413\u043b\u0430\u0432\u043d\u0430\u044f \u0441\u0442\u0440\u0430\u043d\u0438\u0446\u0430","item":"https:\/\/coldbet.fun\/pl\/"},{"@type":"ListItem","position":2,"name":"Aplikacja"}]},{"@type":"WebSite","@id":"https:\/\/coldbet.fun\/pl\/#website","url":"https:\/\/coldbet.fun\/pl\/","name":"coldbet.fun PL","description":"My WordPress Blog","potentialAction":[{"@type":"SearchAction","target":{"@type":"EntryPoint","urlTemplate":"https:\/\/coldbet.fun\/pl\/?s={search_term_string}"},"query-input":{"@type":"PropertyValueSpecification","valueRequired":true,"valueName":"search_term_string"}}],"inLanguage":"pl-PL"}]}},"_links":{"self":[{"href":"https:\/\/coldbet.fun\/pl\/wp-json\/wp\/v2\/pages\/207","targetHints":{"allow":["GET"]}}],"collection":[{"href":"https:\/\/coldbet.fun\/pl\/wp-json\/wp\/v2\/pages"}],"about":[{"href":"https:\/\/coldbet.fun\/pl\/wp-json\/wp\/v2\/types\/page"}],"author":[{"embeddable":true,"href":"https:\/\/coldbet.fun\/pl\/wp-json\/wp\/v2\/users\/1"}],"replies":[{"embeddable":true,"href":"https:\/\/coldbet.fun\/pl\/wp-json\/wp\/v2\/comments?post=207"}],"version-history":[{"count":4,"href":"https:\/\/coldbet.fun\/pl\/wp-json\/wp\/v2\/pages\/207\/revisions"}],"predecessor-version":[{"id":233,"href":"https:\/\/coldbet.fun\/pl\/wp-json\/wp\/v2\/pages\/207\/revisions\/233"}],"wp:attachment":[{"href":"https:\/\/coldbet.fun\/pl\/wp-json\/wp\/v2\/media?parent=207"}],"curies":[{"name":"wp","href":"https:\/\/api.w.org\/{rel}","templated":true}]}}