{"id":215,"date":"2025-07-28T07:35:35","date_gmt":"2025-07-28T07:35:35","guid":{"rendered":"https:\/\/coldbet.fun\/pl\/?page_id=215"},"modified":"2025-09-01T12:47:48","modified_gmt":"2025-09-01T12:47:48","slug":"coldbet-affiliate","status":"publish","type":"page","link":"https:\/\/coldbet.fun\/pl\/coldbet-affiliate\/","title":{"rendered":"Program partnerski ColdBet"},"content":{"rendered":"","protected":false},"excerpt":{"rendered":"","protected":false},"author":1,"featured_media":0,"parent":0,"menu_order":0,"comment_status":"closed","ping_status":"closed","template":"","meta":{"inline_featured_image":false,"footnotes":""},"class_list":["post-215","page","type-page","status-publish","hentry"],"yoast_head":"<!-- This site is optimized with the Yoast SEO plugin v24.8.1 - https:\/\/yoast.com\/wordpress\/plugins\/seo\/ -->\n<title>Program partnerski ColdBet &gt; Program na stabilny doch\u00f3d<\/title>\n<meta name=\"description\" content=\"Program partnerski ColdBet \u2013 wysoki procent, wygodne narz\u0119dzia i bezproblemowe p\u0142atno\u015bci. Do\u0142\u0105cz i zarabiaj na ruchu z gier hazardowych.\" \/>\n<meta name=\"robots\" content=\"index, follow, max-snippet:-1, max-image-preview:large, max-video-preview:-1\" \/>\n<meta property=\"og:locale\" content=\"pl_PL\" \/>\n<meta property=\"og:type\" content=\"article\" \/>\n<meta property=\"og:title\" content=\"Program partnerski ColdBet &gt; Program na stabilny doch\u00f3d\" \/>\n<meta property=\"og:description\" content=\"Program partnerski ColdBet \u2013 wysoki procent, wygodne narz\u0119dzia i bezproblemowe p\u0142atno\u015bci. Do\u0142\u0105cz i zarabiaj na ruchu z gier hazardowych.\" \/>\n<meta property=\"og:url\" content=\"https:\/\/coldbet.fun\/pl\/coldbet-affiliate\/\" \/>\n<meta property=\"og:site_name\" content=\"coldbet.fun PL\" \/>\n<meta property=\"article:modified_time\" content=\"2025-09-01T12:47:48+00:00\" \/>\n<meta name=\"twitter:card\" content=\"summary_large_image\" \/>\n<script type=\"application\/ld+json\" class=\"yoast-schema-graph\">{\"@context\":\"https:\/\/schema.org\",\"@graph\":[{\"@type\":\"WebPage\",\"@id\":\"https:\/\/coldbet.fun\/pl\/coldbet-affiliate\/\",\"url\":\"https:\/\/coldbet.fun\/pl\/coldbet-affiliate\/\",\"name\":\"Program partnerski ColdBet > Program na stabilny doch\u00f3d\",\"isPartOf\":{\"@id\":\"https:\/\/coldbet.fun\/pl\/#website\"},\"datePublished\":\"2025-07-28T07:35:35+00:00\",\"dateModified\":\"2025-09-01T12:47:48+00:00\",\"description\":\"Program partnerski ColdBet \u2013 wysoki procent, wygodne narz\u0119dzia i bezproblemowe p\u0142atno\u015bci. Do\u0142\u0105cz i zarabiaj na ruchu z gier hazardowych.\",\"breadcrumb\":{\"@id\":\"https:\/\/coldbet.fun\/pl\/coldbet-affiliate\/#breadcrumb\"},\"inLanguage\":\"pl-PL\",\"potentialAction\":[{\"@type\":\"ReadAction\",\"target\":[\"https:\/\/coldbet.fun\/pl\/coldbet-affiliate\/\"]}]},{\"@type\":\"BreadcrumbList\",\"@id\":\"https:\/\/coldbet.fun\/pl\/coldbet-affiliate\/#breadcrumb\",\"itemListElement\":[{\"@type\":\"ListItem\",\"position\":1,\"name\":\"\u0413\u043b\u0430\u0432\u043d\u0430\u044f \u0441\u0442\u0440\u0430\u043d\u0438\u0446\u0430\",\"item\":\"https:\/\/coldbet.fun\/pl\/\"},{\"@type\":\"ListItem\",\"position\":2,\"name\":\"Program partnerski ColdBet\"}]},{\"@type\":\"WebSite\",\"@id\":\"https:\/\/coldbet.fun\/pl\/#website\",\"url\":\"https:\/\/coldbet.fun\/pl\/\",\"name\":\"coldbet.fun PL\",\"description\":\"My WordPress Blog\",\"potentialAction\":[{\"@type\":\"SearchAction\",\"target\":{\"@type\":\"EntryPoint\",\"urlTemplate\":\"https:\/\/coldbet.fun\/pl\/?s={search_term_string}\"},\"query-input\":{\"@type\":\"PropertyValueSpecification\",\"valueRequired\":true,\"valueName\":\"search_term_string\"}}],\"inLanguage\":\"pl-PL\"}]}<\/script>\n<!-- \/ Yoast SEO plugin. -->","yoast_head_json":{"title":"Program partnerski ColdBet > Program na stabilny doch\u00f3d","description":"Program partnerski ColdBet \u2013 wysoki procent, wygodne narz\u0119dzia i bezproblemowe p\u0142atno\u015bci. Do\u0142\u0105cz i zarabiaj na ruchu z gier hazardowych.","robots":{"index":"index","follow":"follow","max-snippet":"max-snippet:-1","max-image-preview":"max-image-preview:large","max-video-preview":"max-video-preview:-1"},"og_locale":"pl_PL","og_type":"article","og_title":"Program partnerski ColdBet > Program na stabilny doch\u00f3d","og_description":"Program partnerski ColdBet \u2013 wysoki procent, wygodne narz\u0119dzia i bezproblemowe p\u0142atno\u015bci. Do\u0142\u0105cz i zarabiaj na ruchu z gier hazardowych.","og_url":"https:\/\/coldbet.fun\/pl\/coldbet-affiliate\/","og_site_name":"coldbet.fun PL","article_modified_time":"2025-09-01T12:47:48+00:00","twitter_card":"summary_large_image","schema":{"@context":"https:\/\/schema.org","@graph":[{"@type":"WebPage","@id":"https:\/\/coldbet.fun\/pl\/coldbet-affiliate\/","url":"https:\/\/coldbet.fun\/pl\/coldbet-affiliate\/","name":"Program partnerski ColdBet > Program na stabilny doch\u00f3d","isPartOf":{"@id":"https:\/\/coldbet.fun\/pl\/#website"},"datePublished":"2025-07-28T07:35:35+00:00","dateModified":"2025-09-01T12:47:48+00:00","description":"Program partnerski ColdBet \u2013 wysoki procent, wygodne narz\u0119dzia i bezproblemowe p\u0142atno\u015bci. Do\u0142\u0105cz i zarabiaj na ruchu z gier hazardowych.","breadcrumb":{"@id":"https:\/\/coldbet.fun\/pl\/coldbet-affiliate\/#breadcrumb"},"inLanguage":"pl-PL","potentialAction":[{"@type":"ReadAction","target":["https:\/\/coldbet.fun\/pl\/coldbet-affiliate\/"]}]},{"@type":"BreadcrumbList","@id":"https:\/\/coldbet.fun\/pl\/coldbet-affiliate\/#breadcrumb","itemListElement":[{"@type":"ListItem","position":1,"name":"\u0413\u043b\u0430\u0432\u043d\u0430\u044f \u0441\u0442\u0440\u0430\u043d\u0438\u0446\u0430","item":"https:\/\/coldbet.fun\/pl\/"},{"@type":"ListItem","position":2,"name":"Program partnerski ColdBet"}]},{"@type":"WebSite","@id":"https:\/\/coldbet.fun\/pl\/#website","url":"https:\/\/coldbet.fun\/pl\/","name":"coldbet.fun PL","description":"My WordPress Blog","potentialAction":[{"@type":"SearchAction","target":{"@type":"EntryPoint","urlTemplate":"https:\/\/coldbet.fun\/pl\/?s={search_term_string}"},"query-input":{"@type":"PropertyValueSpecification","valueRequired":true,"valueName":"search_term_string"}}],"inLanguage":"pl-PL"}]}},"_links":{"self":[{"href":"https:\/\/coldbet.fun\/pl\/wp-json\/wp\/v2\/pages\/215","targetHints":{"allow":["GET"]}}],"collection":[{"href":"https:\/\/coldbet.fun\/pl\/wp-json\/wp\/v2\/pages"}],"about":[{"href":"https:\/\/coldbet.fun\/pl\/wp-json\/wp\/v2\/types\/page"}],"author":[{"embeddable":true,"href":"https:\/\/coldbet.fun\/pl\/wp-json\/wp\/v2\/users\/1"}],"replies":[{"embeddable":true,"href":"https:\/\/coldbet.fun\/pl\/wp-json\/wp\/v2\/comments?post=215"}],"version-history":[{"count":5,"href":"https:\/\/coldbet.fun\/pl\/wp-json\/wp\/v2\/pages\/215\/revisions"}],"predecessor-version":[{"id":231,"href":"https:\/\/coldbet.fun\/pl\/wp-json\/wp\/v2\/pages\/215\/revisions\/231"}],"wp:attachment":[{"href":"https:\/\/coldbet.fun\/pl\/wp-json\/wp\/v2\/media?parent=215"}],"curies":[{"name":"wp","href":"https:\/\/api.w.org\/{rel}","templated":true}]}}