{"id":207,"date":"2025-06-17T12:35:39","date_gmt":"2025-06-17T12:35:39","guid":{"rendered":"https:\/\/coldbet.fun\/pt\/?page_id=207"},"modified":"2025-09-09T08:52:38","modified_gmt":"2025-09-09T08:52:38","slug":"application","status":"publish","type":"page","link":"https:\/\/coldbet.fun\/pt\/application\/","title":{"rendered":"Aplica\u00e7\u00e3o"},"content":{"rendered":"","protected":false},"excerpt":{"rendered":"","protected":false},"author":1,"featured_media":0,"parent":0,"menu_order":0,"comment_status":"closed","ping_status":"closed","template":"","meta":{"inline_featured_image":false,"footnotes":""},"class_list":["post-207","page","type-page","status-publish","hentry"],"yoast_head":"<!-- This site is optimized with the Yoast SEO plugin v24.8.1 - https:\/\/yoast.com\/wordpress\/plugins\/seo\/ -->\n<title>ColdBet Mobile | apostas convenientes e casino no seu telem\u00f3vel<\/title>\n<meta name=\"description\" content=\"Abra o download do ColdBet para dispositivos m\u00f3veis e tenha acesso r\u00e1pido \u00e0s apostas e ao casino. Fa\u00e7a apostas e jogue nas slot machines.\" \/>\n<meta name=\"robots\" content=\"index, follow, max-snippet:-1, max-image-preview:large, max-video-preview:-1\" \/>\n<meta property=\"og:locale\" content=\"pt_PT\" \/>\n<meta property=\"og:type\" content=\"article\" \/>\n<meta property=\"og:title\" content=\"ColdBet Mobile | apostas convenientes e casino no seu telem\u00f3vel\" \/>\n<meta property=\"og:description\" content=\"Abra o download do ColdBet para dispositivos m\u00f3veis e tenha acesso r\u00e1pido \u00e0s apostas e ao casino. Fa\u00e7a apostas e jogue nas slot machines.\" \/>\n<meta property=\"og:url\" content=\"https:\/\/coldbet.fun\/pt\/application\/\" \/>\n<meta property=\"og:site_name\" content=\"coldbet fun PT\" \/>\n<meta property=\"article:modified_time\" content=\"2025-09-09T08:52:38+00:00\" \/>\n<meta name=\"twitter:card\" content=\"summary_large_image\" \/>\n<script type=\"application\/ld+json\" class=\"yoast-schema-graph\">{\"@context\":\"https:\/\/schema.org\",\"@graph\":[{\"@type\":\"WebPage\",\"@id\":\"https:\/\/coldbet.fun\/pt\/application\/\",\"url\":\"https:\/\/coldbet.fun\/pt\/application\/\",\"name\":\"ColdBet Mobile | apostas convenientes e casino no seu telem\u00f3vel\",\"isPartOf\":{\"@id\":\"https:\/\/coldbet.fun\/pt\/#website\"},\"datePublished\":\"2025-06-17T12:35:39+00:00\",\"dateModified\":\"2025-09-09T08:52:38+00:00\",\"description\":\"Abra o download do ColdBet para dispositivos m\u00f3veis e tenha acesso r\u00e1pido \u00e0s apostas e ao casino. Fa\u00e7a apostas e jogue nas slot machines.\",\"breadcrumb\":{\"@id\":\"https:\/\/coldbet.fun\/pt\/application\/#breadcrumb\"},\"inLanguage\":\"pt-PT\",\"potentialAction\":[{\"@type\":\"ReadAction\",\"target\":[\"https:\/\/coldbet.fun\/pt\/application\/\"]}]},{\"@type\":\"BreadcrumbList\",\"@id\":\"https:\/\/coldbet.fun\/pt\/application\/#breadcrumb\",\"itemListElement\":[{\"@type\":\"ListItem\",\"position\":1,\"name\":\"\u0413\u043b\u0430\u0432\u043d\u0430\u044f \u0441\u0442\u0440\u0430\u043d\u0438\u0446\u0430\",\"item\":\"https:\/\/coldbet.fun\/pt\/\"},{\"@type\":\"ListItem\",\"position\":2,\"name\":\"Aplica\u00e7\u00e3o\"}]},{\"@type\":\"WebSite\",\"@id\":\"https:\/\/coldbet.fun\/pt\/#website\",\"url\":\"https:\/\/coldbet.fun\/pt\/\",\"name\":\"coldbet fun PT\",\"description\":\"My WordPress Blog\",\"potentialAction\":[{\"@type\":\"SearchAction\",\"target\":{\"@type\":\"EntryPoint\",\"urlTemplate\":\"https:\/\/coldbet.fun\/pt\/?s={search_term_string}\"},\"query-input\":{\"@type\":\"PropertyValueSpecification\",\"valueRequired\":true,\"valueName\":\"search_term_string\"}}],\"inLanguage\":\"pt-PT\"}]}<\/script>\n<!-- \/ Yoast SEO plugin. -->","yoast_head_json":{"title":"ColdBet Mobile | apostas convenientes e casino no seu telem\u00f3vel","description":"Abra o download do ColdBet para dispositivos m\u00f3veis e tenha acesso r\u00e1pido \u00e0s apostas e ao casino. Fa\u00e7a apostas e jogue nas slot machines.","robots":{"index":"index","follow":"follow","max-snippet":"max-snippet:-1","max-image-preview":"max-image-preview:large","max-video-preview":"max-video-preview:-1"},"og_locale":"pt_PT","og_type":"article","og_title":"ColdBet Mobile | apostas convenientes e casino no seu telem\u00f3vel","og_description":"Abra o download do ColdBet para dispositivos m\u00f3veis e tenha acesso r\u00e1pido \u00e0s apostas e ao casino. Fa\u00e7a apostas e jogue nas slot machines.","og_url":"https:\/\/coldbet.fun\/pt\/application\/","og_site_name":"coldbet fun PT","article_modified_time":"2025-09-09T08:52:38+00:00","twitter_card":"summary_large_image","schema":{"@context":"https:\/\/schema.org","@graph":[{"@type":"WebPage","@id":"https:\/\/coldbet.fun\/pt\/application\/","url":"https:\/\/coldbet.fun\/pt\/application\/","name":"ColdBet Mobile | apostas convenientes e casino no seu telem\u00f3vel","isPartOf":{"@id":"https:\/\/coldbet.fun\/pt\/#website"},"datePublished":"2025-06-17T12:35:39+00:00","dateModified":"2025-09-09T08:52:38+00:00","description":"Abra o download do ColdBet para dispositivos m\u00f3veis e tenha acesso r\u00e1pido \u00e0s apostas e ao casino. Fa\u00e7a apostas e jogue nas slot machines.","breadcrumb":{"@id":"https:\/\/coldbet.fun\/pt\/application\/#breadcrumb"},"inLanguage":"pt-PT","potentialAction":[{"@type":"ReadAction","target":["https:\/\/coldbet.fun\/pt\/application\/"]}]},{"@type":"BreadcrumbList","@id":"https:\/\/coldbet.fun\/pt\/application\/#breadcrumb","itemListElement":[{"@type":"ListItem","position":1,"name":"\u0413\u043b\u0430\u0432\u043d\u0430\u044f \u0441\u0442\u0440\u0430\u043d\u0438\u0446\u0430","item":"https:\/\/coldbet.fun\/pt\/"},{"@type":"ListItem","position":2,"name":"Aplica\u00e7\u00e3o"}]},{"@type":"WebSite","@id":"https:\/\/coldbet.fun\/pt\/#website","url":"https:\/\/coldbet.fun\/pt\/","name":"coldbet fun PT","description":"My WordPress Blog","potentialAction":[{"@type":"SearchAction","target":{"@type":"EntryPoint","urlTemplate":"https:\/\/coldbet.fun\/pt\/?s={search_term_string}"},"query-input":{"@type":"PropertyValueSpecification","valueRequired":true,"valueName":"search_term_string"}}],"inLanguage":"pt-PT"}]}},"_links":{"self":[{"href":"https:\/\/coldbet.fun\/pt\/wp-json\/wp\/v2\/pages\/207","targetHints":{"allow":["GET"]}}],"collection":[{"href":"https:\/\/coldbet.fun\/pt\/wp-json\/wp\/v2\/pages"}],"about":[{"href":"https:\/\/coldbet.fun\/pt\/wp-json\/wp\/v2\/types\/page"}],"author":[{"embeddable":true,"href":"https:\/\/coldbet.fun\/pt\/wp-json\/wp\/v2\/users\/1"}],"replies":[{"embeddable":true,"href":"https:\/\/coldbet.fun\/pt\/wp-json\/wp\/v2\/comments?post=207"}],"version-history":[{"count":4,"href":"https:\/\/coldbet.fun\/pt\/wp-json\/wp\/v2\/pages\/207\/revisions"}],"predecessor-version":[{"id":243,"href":"https:\/\/coldbet.fun\/pt\/wp-json\/wp\/v2\/pages\/207\/revisions\/243"}],"wp:attachment":[{"href":"https:\/\/coldbet.fun\/pt\/wp-json\/wp\/v2\/media?parent=207"}],"curies":[{"name":"wp","href":"https:\/\/api.w.org\/{rel}","templated":true}]}}