{"id":2,"date":"2023-05-18T17:18:34","date_gmt":"2023-05-18T17:18:34","guid":{"rendered":"https:\/\/coldbet.fun\/sk\/?page_id=2"},"modified":"2025-09-28T20:50:59","modified_gmt":"2025-09-28T20:50:59","slug":"sample-page","status":"publish","type":"page","link":"https:\/\/coldbet.fun\/sk\/","title":{"rendered":"Domovsk\u00e1 str\u00e1nka"},"content":{"rendered":"","protected":false},"excerpt":{"rendered":"","protected":false},"author":1,"featured_media":0,"parent":0,"menu_order":0,"comment_status":"closed","ping_status":"open","template":"","meta":{"inline_featured_image":false,"footnotes":""},"class_list":["post-2","page","type-page","status-publish","hentry"],"yoast_head":"<!-- This site is optimized with the Yoast SEO plugin v24.8.1 - https:\/\/yoast.com\/wordpress\/plugins\/seo\/ -->\n<title>Coldbet Casino &gt; St\u00e1vky, online hry, bonusy a r\u00fdchle v\u00fdplaty<\/title>\n<meta name=\"description\" content=\"Vitajte na online str\u00e1nke Coldbet! N\u00e1jdete tu \u0161portov\u00e9 st\u00e1vky, hracie automaty, \u017eiv\u00e9 kas\u00edna a z\u00edskate \u0161tedr\u00e9 bonusy.\" \/>\n<meta name=\"robots\" content=\"index, follow, max-snippet:-1, max-image-preview:large, max-video-preview:-1\" \/>\n<meta property=\"og:locale\" content=\"sk_SK\" \/>\n<meta property=\"og:type\" content=\"article\" \/>\n<meta property=\"og:title\" content=\"Coldbet Casino &gt; St\u00e1vky, online hry, bonusy a r\u00fdchle v\u00fdplaty\" \/>\n<meta property=\"og:description\" content=\"Vitajte na online str\u00e1nke Coldbet! N\u00e1jdete tu \u0161portov\u00e9 st\u00e1vky, hracie automaty, \u017eiv\u00e9 kas\u00edna a z\u00edskate \u0161tedr\u00e9 bonusy.\" \/>\n<meta property=\"og:url\" content=\"https:\/\/coldbet.fun\/sk\/\" \/>\n<meta property=\"og:site_name\" content=\"coldbet football SK\" \/>\n<meta property=\"article:modified_time\" content=\"2025-09-28T20:50:59+00:00\" \/>\n<meta name=\"twitter:card\" content=\"summary_large_image\" \/>\n<script type=\"application\/ld+json\" class=\"yoast-schema-graph\">{\"@context\":\"https:\/\/schema.org\",\"@graph\":[{\"@type\":\"WebPage\",\"@id\":\"https:\/\/coldbet.fun\/sk\/\",\"url\":\"https:\/\/coldbet.fun\/sk\/\",\"name\":\"Coldbet Casino > St\u00e1vky, online hry, bonusy a r\u00fdchle v\u00fdplaty\",\"isPartOf\":{\"@id\":\"https:\/\/coldbet.fun\/sk\/#website\"},\"datePublished\":\"2023-05-18T17:18:34+00:00\",\"dateModified\":\"2025-09-28T20:50:59+00:00\",\"description\":\"Vitajte na online str\u00e1nke Coldbet! N\u00e1jdete tu \u0161portov\u00e9 st\u00e1vky, hracie automaty, \u017eiv\u00e9 kas\u00edna a z\u00edskate \u0161tedr\u00e9 bonusy.\",\"breadcrumb\":{\"@id\":\"https:\/\/coldbet.fun\/sk\/#breadcrumb\"},\"inLanguage\":\"sk-SK\",\"potentialAction\":[{\"@type\":\"ReadAction\",\"target\":[\"https:\/\/coldbet.fun\/sk\/\"]}]},{\"@type\":\"BreadcrumbList\",\"@id\":\"https:\/\/coldbet.fun\/sk\/#breadcrumb\",\"itemListElement\":[{\"@type\":\"ListItem\",\"position\":1,\"name\":\"\u0413\u043b\u0430\u0432\u043d\u0430\u044f \u0441\u0442\u0440\u0430\u043d\u0438\u0446\u0430\",\"item\":\"https:\/\/coldbet.fun\/sk\/\"},{\"@type\":\"ListItem\",\"position\":2,\"name\":\"Domovsk\u00e1 str\u00e1nka\"}]},{\"@type\":\"WebSite\",\"@id\":\"https:\/\/coldbet.fun\/sk\/#website\",\"url\":\"https:\/\/coldbet.fun\/sk\/\",\"name\":\"coldbet football SK\",\"description\":\"My WordPress Blog\",\"potentialAction\":[{\"@type\":\"SearchAction\",\"target\":{\"@type\":\"EntryPoint\",\"urlTemplate\":\"https:\/\/coldbet.fun\/sk\/?s={search_term_string}\"},\"query-input\":{\"@type\":\"PropertyValueSpecification\",\"valueRequired\":true,\"valueName\":\"search_term_string\"}}],\"inLanguage\":\"sk-SK\"}]}<\/script>\n<!-- \/ Yoast SEO plugin. -->","yoast_head_json":{"title":"Coldbet Casino > St\u00e1vky, online hry, bonusy a r\u00fdchle v\u00fdplaty","description":"Vitajte na online str\u00e1nke Coldbet! N\u00e1jdete tu \u0161portov\u00e9 st\u00e1vky, hracie automaty, \u017eiv\u00e9 kas\u00edna a z\u00edskate \u0161tedr\u00e9 bonusy.","robots":{"index":"index","follow":"follow","max-snippet":"max-snippet:-1","max-image-preview":"max-image-preview:large","max-video-preview":"max-video-preview:-1"},"og_locale":"sk_SK","og_type":"article","og_title":"Coldbet Casino > St\u00e1vky, online hry, bonusy a r\u00fdchle v\u00fdplaty","og_description":"Vitajte na online str\u00e1nke Coldbet! N\u00e1jdete tu \u0161portov\u00e9 st\u00e1vky, hracie automaty, \u017eiv\u00e9 kas\u00edna a z\u00edskate \u0161tedr\u00e9 bonusy.","og_url":"https:\/\/coldbet.fun\/sk\/","og_site_name":"coldbet football SK","article_modified_time":"2025-09-28T20:50:59+00:00","twitter_card":"summary_large_image","schema":{"@context":"https:\/\/schema.org","@graph":[{"@type":"WebPage","@id":"https:\/\/coldbet.fun\/sk\/","url":"https:\/\/coldbet.fun\/sk\/","name":"Coldbet Casino > St\u00e1vky, online hry, bonusy a r\u00fdchle v\u00fdplaty","isPartOf":{"@id":"https:\/\/coldbet.fun\/sk\/#website"},"datePublished":"2023-05-18T17:18:34+00:00","dateModified":"2025-09-28T20:50:59+00:00","description":"Vitajte na online str\u00e1nke Coldbet! N\u00e1jdete tu \u0161portov\u00e9 st\u00e1vky, hracie automaty, \u017eiv\u00e9 kas\u00edna a z\u00edskate \u0161tedr\u00e9 bonusy.","breadcrumb":{"@id":"https:\/\/coldbet.fun\/sk\/#breadcrumb"},"inLanguage":"sk-SK","potentialAction":[{"@type":"ReadAction","target":["https:\/\/coldbet.fun\/sk\/"]}]},{"@type":"BreadcrumbList","@id":"https:\/\/coldbet.fun\/sk\/#breadcrumb","itemListElement":[{"@type":"ListItem","position":1,"name":"\u0413\u043b\u0430\u0432\u043d\u0430\u044f \u0441\u0442\u0440\u0430\u043d\u0438\u0446\u0430","item":"https:\/\/coldbet.fun\/sk\/"},{"@type":"ListItem","position":2,"name":"Domovsk\u00e1 str\u00e1nka"}]},{"@type":"WebSite","@id":"https:\/\/coldbet.fun\/sk\/#website","url":"https:\/\/coldbet.fun\/sk\/","name":"coldbet football SK","description":"My WordPress Blog","potentialAction":[{"@type":"SearchAction","target":{"@type":"EntryPoint","urlTemplate":"https:\/\/coldbet.fun\/sk\/?s={search_term_string}"},"query-input":{"@type":"PropertyValueSpecification","valueRequired":true,"valueName":"search_term_string"}}],"inLanguage":"sk-SK"}]}},"_links":{"self":[{"href":"https:\/\/coldbet.fun\/sk\/wp-json\/wp\/v2\/pages\/2","targetHints":{"allow":["GET"]}}],"collection":[{"href":"https:\/\/coldbet.fun\/sk\/wp-json\/wp\/v2\/pages"}],"about":[{"href":"https:\/\/coldbet.fun\/sk\/wp-json\/wp\/v2\/types\/page"}],"author":[{"embeddable":true,"href":"https:\/\/coldbet.fun\/sk\/wp-json\/wp\/v2\/users\/1"}],"replies":[{"embeddable":true,"href":"https:\/\/coldbet.fun\/sk\/wp-json\/wp\/v2\/comments?post=2"}],"version-history":[{"count":13,"href":"https:\/\/coldbet.fun\/sk\/wp-json\/wp\/v2\/pages\/2\/revisions"}],"predecessor-version":[{"id":235,"href":"https:\/\/coldbet.fun\/sk\/wp-json\/wp\/v2\/pages\/2\/revisions\/235"}],"wp:attachment":[{"href":"https:\/\/coldbet.fun\/sk\/wp-json\/wp\/v2\/media?parent=2"}],"curies":[{"name":"wp","href":"https:\/\/api.w.org\/{rel}","templated":true}]}}