{"id":207,"date":"2025-06-17T12:35:39","date_gmt":"2025-06-17T12:35:39","guid":{"rendered":"https:\/\/coldbet.fun\/sk\/?page_id=207"},"modified":"2025-09-28T21:22:30","modified_gmt":"2025-09-28T21:22:30","slug":"application","status":"publish","type":"page","link":"https:\/\/coldbet.fun\/sk\/application\/","title":{"rendered":"Aplik\u00e1cia"},"content":{"rendered":"","protected":false},"excerpt":{"rendered":"","protected":false},"author":1,"featured_media":0,"parent":0,"menu_order":0,"comment_status":"closed","ping_status":"closed","template":"","meta":{"inline_featured_image":false,"footnotes":""},"class_list":["post-207","page","type-page","status-publish","hentry"],"yoast_head":"<!-- This site is optimized with the Yoast SEO plugin v24.8.1 - https:\/\/yoast.com\/wordpress\/plugins\/seo\/ -->\n<title>ColdBet Mobile | pohodln\u00e9 st\u00e1vky a kas\u00edno z v\u00e1\u0161ho telef\u00f3nu<\/title>\n<meta name=\"description\" content=\"Stiahnite si mobiln\u00fa aplik\u00e1ciu ColdBet pre r\u00fdchly pr\u00edstup k st\u00e1vkovaniu a kas\u00ednu. Uzatv\u00e1rajte st\u00e1vky zo svojho smartf\u00f3nu.\" \/>\n<meta name=\"robots\" content=\"index, follow, max-snippet:-1, max-image-preview:large, max-video-preview:-1\" \/>\n<meta property=\"og:locale\" content=\"sk_SK\" \/>\n<meta property=\"og:type\" content=\"article\" \/>\n<meta property=\"og:title\" content=\"ColdBet Mobile | pohodln\u00e9 st\u00e1vky a kas\u00edno z v\u00e1\u0161ho telef\u00f3nu\" \/>\n<meta property=\"og:description\" content=\"Stiahnite si mobiln\u00fa aplik\u00e1ciu ColdBet pre r\u00fdchly pr\u00edstup k st\u00e1vkovaniu a kas\u00ednu. Uzatv\u00e1rajte st\u00e1vky zo svojho smartf\u00f3nu.\" \/>\n<meta property=\"og:url\" content=\"https:\/\/coldbet.fun\/sk\/application\/\" \/>\n<meta property=\"og:site_name\" content=\"coldbet football SK\" \/>\n<meta property=\"article:modified_time\" content=\"2025-09-28T21:22:30+00:00\" \/>\n<meta name=\"twitter:card\" content=\"summary_large_image\" \/>\n<script type=\"application\/ld+json\" class=\"yoast-schema-graph\">{\"@context\":\"https:\/\/schema.org\",\"@graph\":[{\"@type\":\"WebPage\",\"@id\":\"https:\/\/coldbet.fun\/sk\/application\/\",\"url\":\"https:\/\/coldbet.fun\/sk\/application\/\",\"name\":\"ColdBet Mobile | pohodln\u00e9 st\u00e1vky a kas\u00edno z v\u00e1\u0161ho telef\u00f3nu\",\"isPartOf\":{\"@id\":\"https:\/\/coldbet.fun\/sk\/#website\"},\"datePublished\":\"2025-06-17T12:35:39+00:00\",\"dateModified\":\"2025-09-28T21:22:30+00:00\",\"description\":\"Stiahnite si mobiln\u00fa aplik\u00e1ciu ColdBet pre r\u00fdchly pr\u00edstup k st\u00e1vkovaniu a kas\u00ednu. Uzatv\u00e1rajte st\u00e1vky zo svojho smartf\u00f3nu.\",\"breadcrumb\":{\"@id\":\"https:\/\/coldbet.fun\/sk\/application\/#breadcrumb\"},\"inLanguage\":\"sk-SK\",\"potentialAction\":[{\"@type\":\"ReadAction\",\"target\":[\"https:\/\/coldbet.fun\/sk\/application\/\"]}]},{\"@type\":\"BreadcrumbList\",\"@id\":\"https:\/\/coldbet.fun\/sk\/application\/#breadcrumb\",\"itemListElement\":[{\"@type\":\"ListItem\",\"position\":1,\"name\":\"\u0413\u043b\u0430\u0432\u043d\u0430\u044f \u0441\u0442\u0440\u0430\u043d\u0438\u0446\u0430\",\"item\":\"https:\/\/coldbet.fun\/sk\/\"},{\"@type\":\"ListItem\",\"position\":2,\"name\":\"Aplik\u00e1cia\"}]},{\"@type\":\"WebSite\",\"@id\":\"https:\/\/coldbet.fun\/sk\/#website\",\"url\":\"https:\/\/coldbet.fun\/sk\/\",\"name\":\"coldbet football SK\",\"description\":\"My WordPress Blog\",\"potentialAction\":[{\"@type\":\"SearchAction\",\"target\":{\"@type\":\"EntryPoint\",\"urlTemplate\":\"https:\/\/coldbet.fun\/sk\/?s={search_term_string}\"},\"query-input\":{\"@type\":\"PropertyValueSpecification\",\"valueRequired\":true,\"valueName\":\"search_term_string\"}}],\"inLanguage\":\"sk-SK\"}]}<\/script>\n<!-- \/ Yoast SEO plugin. -->","yoast_head_json":{"title":"ColdBet Mobile | pohodln\u00e9 st\u00e1vky a kas\u00edno z v\u00e1\u0161ho telef\u00f3nu","description":"Stiahnite si mobiln\u00fa aplik\u00e1ciu ColdBet pre r\u00fdchly pr\u00edstup k st\u00e1vkovaniu a kas\u00ednu. Uzatv\u00e1rajte st\u00e1vky zo svojho smartf\u00f3nu.","robots":{"index":"index","follow":"follow","max-snippet":"max-snippet:-1","max-image-preview":"max-image-preview:large","max-video-preview":"max-video-preview:-1"},"og_locale":"sk_SK","og_type":"article","og_title":"ColdBet Mobile | pohodln\u00e9 st\u00e1vky a kas\u00edno z v\u00e1\u0161ho telef\u00f3nu","og_description":"Stiahnite si mobiln\u00fa aplik\u00e1ciu ColdBet pre r\u00fdchly pr\u00edstup k st\u00e1vkovaniu a kas\u00ednu. Uzatv\u00e1rajte st\u00e1vky zo svojho smartf\u00f3nu.","og_url":"https:\/\/coldbet.fun\/sk\/application\/","og_site_name":"coldbet football SK","article_modified_time":"2025-09-28T21:22:30+00:00","twitter_card":"summary_large_image","schema":{"@context":"https:\/\/schema.org","@graph":[{"@type":"WebPage","@id":"https:\/\/coldbet.fun\/sk\/application\/","url":"https:\/\/coldbet.fun\/sk\/application\/","name":"ColdBet Mobile | pohodln\u00e9 st\u00e1vky a kas\u00edno z v\u00e1\u0161ho telef\u00f3nu","isPartOf":{"@id":"https:\/\/coldbet.fun\/sk\/#website"},"datePublished":"2025-06-17T12:35:39+00:00","dateModified":"2025-09-28T21:22:30+00:00","description":"Stiahnite si mobiln\u00fa aplik\u00e1ciu ColdBet pre r\u00fdchly pr\u00edstup k st\u00e1vkovaniu a kas\u00ednu. Uzatv\u00e1rajte st\u00e1vky zo svojho smartf\u00f3nu.","breadcrumb":{"@id":"https:\/\/coldbet.fun\/sk\/application\/#breadcrumb"},"inLanguage":"sk-SK","potentialAction":[{"@type":"ReadAction","target":["https:\/\/coldbet.fun\/sk\/application\/"]}]},{"@type":"BreadcrumbList","@id":"https:\/\/coldbet.fun\/sk\/application\/#breadcrumb","itemListElement":[{"@type":"ListItem","position":1,"name":"\u0413\u043b\u0430\u0432\u043d\u0430\u044f \u0441\u0442\u0440\u0430\u043d\u0438\u0446\u0430","item":"https:\/\/coldbet.fun\/sk\/"},{"@type":"ListItem","position":2,"name":"Aplik\u00e1cia"}]},{"@type":"WebSite","@id":"https:\/\/coldbet.fun\/sk\/#website","url":"https:\/\/coldbet.fun\/sk\/","name":"coldbet football SK","description":"My WordPress Blog","potentialAction":[{"@type":"SearchAction","target":{"@type":"EntryPoint","urlTemplate":"https:\/\/coldbet.fun\/sk\/?s={search_term_string}"},"query-input":{"@type":"PropertyValueSpecification","valueRequired":true,"valueName":"search_term_string"}}],"inLanguage":"sk-SK"}]}},"_links":{"self":[{"href":"https:\/\/coldbet.fun\/sk\/wp-json\/wp\/v2\/pages\/207","targetHints":{"allow":["GET"]}}],"collection":[{"href":"https:\/\/coldbet.fun\/sk\/wp-json\/wp\/v2\/pages"}],"about":[{"href":"https:\/\/coldbet.fun\/sk\/wp-json\/wp\/v2\/types\/page"}],"author":[{"embeddable":true,"href":"https:\/\/coldbet.fun\/sk\/wp-json\/wp\/v2\/users\/1"}],"replies":[{"embeddable":true,"href":"https:\/\/coldbet.fun\/sk\/wp-json\/wp\/v2\/comments?post=207"}],"version-history":[{"count":5,"href":"https:\/\/coldbet.fun\/sk\/wp-json\/wp\/v2\/pages\/207\/revisions"}],"predecessor-version":[{"id":248,"href":"https:\/\/coldbet.fun\/sk\/wp-json\/wp\/v2\/pages\/207\/revisions\/248"}],"wp:attachment":[{"href":"https:\/\/coldbet.fun\/sk\/wp-json\/wp\/v2\/media?parent=207"}],"curies":[{"name":"wp","href":"https:\/\/api.w.org\/{rel}","templated":true}]}}