{"id":215,"date":"2025-07-28T07:35:35","date_gmt":"2025-07-28T07:35:35","guid":{"rendered":"https:\/\/coldbet.fun\/sk\/?page_id=215"},"modified":"2025-09-28T21:28:03","modified_gmt":"2025-09-28T21:28:03","slug":"coldbet-affiliate","status":"publish","type":"page","link":"https:\/\/coldbet.fun\/sk\/coldbet-affiliate\/","title":{"rendered":"Partnersk\u00fd program ColdBet"},"content":{"rendered":"","protected":false},"excerpt":{"rendered":"","protected":false},"author":1,"featured_media":0,"parent":0,"menu_order":0,"comment_status":"closed","ping_status":"closed","template":"","meta":{"inline_featured_image":false,"footnotes":""},"class_list":["post-215","page","type-page","status-publish","hentry"],"yoast_head":"<!-- This site is optimized with the Yoast SEO plugin v24.8.1 - https:\/\/yoast.com\/wordpress\/plugins\/seo\/ -->\n<title>Partnersk\u00fd program ColdBet &gt; Program pre stabiln\u00fd pr\u00edjem<\/title>\n<meta name=\"description\" content=\"Partneri ColdBet \u2013 to je vysok\u00e9 percento, pohodln\u00e9 n\u00e1stroje a platby bez oneskorenia. Pridajte sa a zar\u00e1bajte na hazardn\u00fdch aktivit\u00e1ch.\" \/>\n<meta name=\"robots\" content=\"index, follow, max-snippet:-1, max-image-preview:large, max-video-preview:-1\" \/>\n<meta property=\"og:locale\" content=\"sk_SK\" \/>\n<meta property=\"og:type\" content=\"article\" \/>\n<meta property=\"og:title\" content=\"Partnersk\u00fd program ColdBet &gt; Program pre stabiln\u00fd pr\u00edjem\" \/>\n<meta property=\"og:description\" content=\"Partneri ColdBet \u2013 to je vysok\u00e9 percento, pohodln\u00e9 n\u00e1stroje a platby bez oneskorenia. Pridajte sa a zar\u00e1bajte na hazardn\u00fdch aktivit\u00e1ch.\" \/>\n<meta property=\"og:url\" content=\"https:\/\/coldbet.fun\/sk\/coldbet-affiliate\/\" \/>\n<meta property=\"og:site_name\" content=\"coldbet football SK\" \/>\n<meta property=\"article:modified_time\" content=\"2025-09-28T21:28:03+00:00\" \/>\n<meta name=\"twitter:card\" content=\"summary_large_image\" \/>\n<script type=\"application\/ld+json\" class=\"yoast-schema-graph\">{\"@context\":\"https:\/\/schema.org\",\"@graph\":[{\"@type\":\"WebPage\",\"@id\":\"https:\/\/coldbet.fun\/sk\/coldbet-affiliate\/\",\"url\":\"https:\/\/coldbet.fun\/sk\/coldbet-affiliate\/\",\"name\":\"Partnersk\u00fd program ColdBet > Program pre stabiln\u00fd pr\u00edjem\",\"isPartOf\":{\"@id\":\"https:\/\/coldbet.fun\/sk\/#website\"},\"datePublished\":\"2025-07-28T07:35:35+00:00\",\"dateModified\":\"2025-09-28T21:28:03+00:00\",\"description\":\"Partneri ColdBet \u2013 to je vysok\u00e9 percento, pohodln\u00e9 n\u00e1stroje a platby bez oneskorenia. Pridajte sa a zar\u00e1bajte na hazardn\u00fdch aktivit\u00e1ch.\",\"breadcrumb\":{\"@id\":\"https:\/\/coldbet.fun\/sk\/coldbet-affiliate\/#breadcrumb\"},\"inLanguage\":\"sk-SK\",\"potentialAction\":[{\"@type\":\"ReadAction\",\"target\":[\"https:\/\/coldbet.fun\/sk\/coldbet-affiliate\/\"]}]},{\"@type\":\"BreadcrumbList\",\"@id\":\"https:\/\/coldbet.fun\/sk\/coldbet-affiliate\/#breadcrumb\",\"itemListElement\":[{\"@type\":\"ListItem\",\"position\":1,\"name\":\"\u0413\u043b\u0430\u0432\u043d\u0430\u044f \u0441\u0442\u0440\u0430\u043d\u0438\u0446\u0430\",\"item\":\"https:\/\/coldbet.fun\/sk\/\"},{\"@type\":\"ListItem\",\"position\":2,\"name\":\"Partnersk\u00fd program ColdBet\"}]},{\"@type\":\"WebSite\",\"@id\":\"https:\/\/coldbet.fun\/sk\/#website\",\"url\":\"https:\/\/coldbet.fun\/sk\/\",\"name\":\"coldbet football SK\",\"description\":\"My WordPress Blog\",\"potentialAction\":[{\"@type\":\"SearchAction\",\"target\":{\"@type\":\"EntryPoint\",\"urlTemplate\":\"https:\/\/coldbet.fun\/sk\/?s={search_term_string}\"},\"query-input\":{\"@type\":\"PropertyValueSpecification\",\"valueRequired\":true,\"valueName\":\"search_term_string\"}}],\"inLanguage\":\"sk-SK\"}]}<\/script>\n<!-- \/ Yoast SEO plugin. -->","yoast_head_json":{"title":"Partnersk\u00fd program ColdBet > Program pre stabiln\u00fd pr\u00edjem","description":"Partneri ColdBet \u2013 to je vysok\u00e9 percento, pohodln\u00e9 n\u00e1stroje a platby bez oneskorenia. Pridajte sa a zar\u00e1bajte na hazardn\u00fdch aktivit\u00e1ch.","robots":{"index":"index","follow":"follow","max-snippet":"max-snippet:-1","max-image-preview":"max-image-preview:large","max-video-preview":"max-video-preview:-1"},"og_locale":"sk_SK","og_type":"article","og_title":"Partnersk\u00fd program ColdBet > Program pre stabiln\u00fd pr\u00edjem","og_description":"Partneri ColdBet \u2013 to je vysok\u00e9 percento, pohodln\u00e9 n\u00e1stroje a platby bez oneskorenia. Pridajte sa a zar\u00e1bajte na hazardn\u00fdch aktivit\u00e1ch.","og_url":"https:\/\/coldbet.fun\/sk\/coldbet-affiliate\/","og_site_name":"coldbet football SK","article_modified_time":"2025-09-28T21:28:03+00:00","twitter_card":"summary_large_image","schema":{"@context":"https:\/\/schema.org","@graph":[{"@type":"WebPage","@id":"https:\/\/coldbet.fun\/sk\/coldbet-affiliate\/","url":"https:\/\/coldbet.fun\/sk\/coldbet-affiliate\/","name":"Partnersk\u00fd program ColdBet > Program pre stabiln\u00fd pr\u00edjem","isPartOf":{"@id":"https:\/\/coldbet.fun\/sk\/#website"},"datePublished":"2025-07-28T07:35:35+00:00","dateModified":"2025-09-28T21:28:03+00:00","description":"Partneri ColdBet \u2013 to je vysok\u00e9 percento, pohodln\u00e9 n\u00e1stroje a platby bez oneskorenia. Pridajte sa a zar\u00e1bajte na hazardn\u00fdch aktivit\u00e1ch.","breadcrumb":{"@id":"https:\/\/coldbet.fun\/sk\/coldbet-affiliate\/#breadcrumb"},"inLanguage":"sk-SK","potentialAction":[{"@type":"ReadAction","target":["https:\/\/coldbet.fun\/sk\/coldbet-affiliate\/"]}]},{"@type":"BreadcrumbList","@id":"https:\/\/coldbet.fun\/sk\/coldbet-affiliate\/#breadcrumb","itemListElement":[{"@type":"ListItem","position":1,"name":"\u0413\u043b\u0430\u0432\u043d\u0430\u044f \u0441\u0442\u0440\u0430\u043d\u0438\u0446\u0430","item":"https:\/\/coldbet.fun\/sk\/"},{"@type":"ListItem","position":2,"name":"Partnersk\u00fd program ColdBet"}]},{"@type":"WebSite","@id":"https:\/\/coldbet.fun\/sk\/#website","url":"https:\/\/coldbet.fun\/sk\/","name":"coldbet football SK","description":"My WordPress Blog","potentialAction":[{"@type":"SearchAction","target":{"@type":"EntryPoint","urlTemplate":"https:\/\/coldbet.fun\/sk\/?s={search_term_string}"},"query-input":{"@type":"PropertyValueSpecification","valueRequired":true,"valueName":"search_term_string"}}],"inLanguage":"sk-SK"}]}},"_links":{"self":[{"href":"https:\/\/coldbet.fun\/sk\/wp-json\/wp\/v2\/pages\/215","targetHints":{"allow":["GET"]}}],"collection":[{"href":"https:\/\/coldbet.fun\/sk\/wp-json\/wp\/v2\/pages"}],"about":[{"href":"https:\/\/coldbet.fun\/sk\/wp-json\/wp\/v2\/types\/page"}],"author":[{"embeddable":true,"href":"https:\/\/coldbet.fun\/sk\/wp-json\/wp\/v2\/users\/1"}],"replies":[{"embeddable":true,"href":"https:\/\/coldbet.fun\/sk\/wp-json\/wp\/v2\/comments?post=215"}],"version-history":[{"count":5,"href":"https:\/\/coldbet.fun\/sk\/wp-json\/wp\/v2\/pages\/215\/revisions"}],"predecessor-version":[{"id":250,"href":"https:\/\/coldbet.fun\/sk\/wp-json\/wp\/v2\/pages\/215\/revisions\/250"}],"wp:attachment":[{"href":"https:\/\/coldbet.fun\/sk\/wp-json\/wp\/v2\/media?parent=215"}],"curies":[{"name":"wp","href":"https:\/\/api.w.org\/{rel}","templated":true}]}}